{"id":455,"date":"2026-01-15T16:23:41","date_gmt":"2026-01-15T16:23:41","guid":{"rendered":"https:\/\/laprovidenciatortillas-hqd9aqfjg2arfter.northcentralus-01.azurewebsites.net\/product\/corn-tortillas-high-lime\/"},"modified":"2026-02-18T00:32:30","modified_gmt":"2026-02-18T00:32:30","slug":"tortillas-de-maiz-nixtamalizado","status":"publish","type":"product","link":"https:\/\/laprovidenciatortillas.com\/es\/product\/tortillas-de-maiz-nixtamalizado\/","title":{"rendered":"Tortillas de Ma\u00edz Nixtamalizado"},"content":{"rendered":"<p>Aut\u00e9nticas y llenas de sabor, hechas con ma\u00edz nixtamalizado con cal. Un toque vibrante que lleva la frescura casera directo a tu plato.<\/p>\n","protected":false},"featured_media":410,"template":"","meta":{"_acf_changed":false},"product-category":[14],"class_list":["post-455","product","type-product","status-publish","has-post-thumbnail","hentry","product-category-tortillas-de-maiz"],"acf":[],"yoast_head":"<!-- This site is optimized with the Yoast SEO plugin v27.0 - https:\/\/yoast.com\/product\/yoast-seo-wordpress\/ -->\n<title>Tortillas de Ma\u00edz Nixtamalizado - La Providencia<\/title>\n<meta name=\"robots\" content=\"index, follow, max-snippet:-1, max-image-preview:large, max-video-preview:-1\" \/>\n<link rel=\"canonical\" href=\"https:\/\/laprovidenciatortillas.com\/es\/product\/tortillas-de-maiz-nixtamalizado\/\" \/>\n<meta property=\"og:locale\" content=\"es_ES\" \/>\n<meta property=\"og:type\" content=\"article\" \/>\n<meta property=\"og:title\" content=\"Tortillas de Ma\u00edz Nixtamalizado - La Providencia\" \/>\n<meta property=\"og:description\" content=\"Aut\u00e9nticas y llenas de sabor, hechas con ma\u00edz nixtamalizado con cal. Un toque vibrante que lleva la frescura casera directo a tu plato. [...]Leer m\u00e1s... from Tortillas de Ma\u00edz Nixtamalizado\" \/>\n<meta property=\"og:url\" content=\"https:\/\/laprovidenciatortillas.com\/es\/product\/tortillas-de-maiz-nixtamalizado\/\" \/>\n<meta property=\"og:site_name\" content=\"La Providencia\" \/>\n<meta property=\"article:modified_time\" content=\"2026-02-18T00:32:30+00:00\" \/>\n<meta property=\"og:image\" content=\"https:\/\/laprovidenciatortillas.com\/wp-content\/uploads\/2025\/11\/prod-white-corn-12-front-updated.png\" \/>\n\t<meta property=\"og:image:width\" content=\"1020\" \/>\n\t<meta property=\"og:image:height\" content=\"1300\" \/>\n\t<meta property=\"og:image:type\" content=\"image\/png\" \/>\n<meta name=\"twitter:card\" content=\"summary_large_image\" \/>\n<meta name=\"twitter:label1\" content=\"Tiempo de lectura\" \/>\n\t<meta name=\"twitter:data1\" content=\"1 minuto\" \/>\n<script type=\"application\/ld+json\" class=\"yoast-schema-graph\">{\"@context\":\"https:\/\/schema.org\",\"@graph\":[{\"@type\":\"WebPage\",\"@id\":\"https:\/\/laprovidenciatortillas.com\/es\/product\/tortillas-de-maiz-nixtamalizado\/\",\"url\":\"https:\/\/laprovidenciatortillas.com\/es\/product\/tortillas-de-maiz-nixtamalizado\/\",\"name\":\"Tortillas de Ma\u00edz Nixtamalizado - La Providencia\",\"isPartOf\":{\"@id\":\"https:\/\/www.laprovidenciatortillas.com\/#website\"},\"primaryImageOfPage\":{\"@id\":\"https:\/\/laprovidenciatortillas.com\/es\/product\/tortillas-de-maiz-nixtamalizado\/#primaryimage\"},\"image\":{\"@id\":\"https:\/\/laprovidenciatortillas.com\/es\/product\/tortillas-de-maiz-nixtamalizado\/#primaryimage\"},\"thumbnailUrl\":\"\/wp-content\/uploads\/2025\/11\/prod-white-corn-12-front-updated.png\",\"datePublished\":\"2026-01-15T16:23:41+00:00\",\"dateModified\":\"2026-02-18T00:32:30+00:00\",\"breadcrumb\":{\"@id\":\"https:\/\/laprovidenciatortillas.com\/es\/product\/tortillas-de-maiz-nixtamalizado\/#breadcrumb\"},\"inLanguage\":\"es\",\"potentialAction\":[{\"@type\":\"ReadAction\",\"target\":[\"https:\/\/laprovidenciatortillas.com\/es\/product\/tortillas-de-maiz-nixtamalizado\/\"]}]},{\"@type\":\"ImageObject\",\"inLanguage\":\"es\",\"@id\":\"https:\/\/laprovidenciatortillas.com\/es\/product\/tortillas-de-maiz-nixtamalizado\/#primaryimage\",\"url\":\"\/wp-content\/uploads\/2025\/11\/prod-white-corn-12-front-updated.png\",\"contentUrl\":\"\/wp-content\/uploads\/2025\/11\/prod-white-corn-12-front-updated.png\",\"width\":1020,\"height\":1300},{\"@type\":\"BreadcrumbList\",\"@id\":\"https:\/\/laprovidenciatortillas.com\/es\/product\/tortillas-de-maiz-nixtamalizado\/#breadcrumb\",\"itemListElement\":[{\"@type\":\"ListItem\",\"position\":1,\"name\":\"Home\",\"item\":\"https:\/\/www.laprovidenciatortillas.com\/es\/\"},{\"@type\":\"ListItem\",\"position\":2,\"name\":\"Tortillas de Ma\u00edz Nixtamalizado\"}]},{\"@type\":\"WebSite\",\"@id\":\"https:\/\/www.laprovidenciatortillas.com\/#website\",\"url\":\"https:\/\/www.laprovidenciatortillas.com\/\",\"name\":\"La Providencia\",\"description\":\"\u00a1Como las de mi tierra!\",\"publisher\":{\"@id\":\"https:\/\/www.laprovidenciatortillas.com\/#organization\"},\"potentialAction\":[{\"@type\":\"SearchAction\",\"target\":{\"@type\":\"EntryPoint\",\"urlTemplate\":\"https:\/\/www.laprovidenciatortillas.com\/?s={search_term_string}\"},\"query-input\":{\"@type\":\"PropertyValueSpecification\",\"valueRequired\":true,\"valueName\":\"search_term_string\"}}],\"inLanguage\":\"es\"},{\"@type\":\"Organization\",\"@id\":\"https:\/\/www.laprovidenciatortillas.com\/#organization\",\"name\":\"La Providencia\",\"url\":\"https:\/\/www.laprovidenciatortillas.com\/\",\"logo\":{\"@type\":\"ImageObject\",\"inLanguage\":\"es\",\"@id\":\"https:\/\/www.laprovidenciatortillas.com\/#\/schema\/logo\/image\/\",\"url\":\"\/wp-content\/uploads\/2025\/10\/la_providencia_logo_tagline.png\",\"contentUrl\":\"\/wp-content\/uploads\/2025\/10\/la_providencia_logo_tagline.png\",\"width\":750,\"height\":330,\"caption\":\"La Providencia\"},\"image\":{\"@id\":\"https:\/\/www.laprovidenciatortillas.com\/#\/schema\/logo\/image\/\"}}]}<\/script>\n<!-- \/ Yoast SEO plugin. -->","yoast_head_json":{"title":"Tortillas de Ma\u00edz Nixtamalizado - La Providencia","robots":{"index":"index","follow":"follow","max-snippet":"max-snippet:-1","max-image-preview":"max-image-preview:large","max-video-preview":"max-video-preview:-1"},"canonical":"https:\/\/laprovidenciatortillas.com\/es\/product\/tortillas-de-maiz-nixtamalizado\/","og_locale":"es_ES","og_type":"article","og_title":"Tortillas de Ma\u00edz Nixtamalizado - La Providencia","og_description":"Aut\u00e9nticas y llenas de sabor, hechas con ma\u00edz nixtamalizado con cal. Un toque vibrante que lleva la frescura casera directo a tu plato. [...]Leer m\u00e1s... from Tortillas de Ma\u00edz Nixtamalizado","og_url":"https:\/\/laprovidenciatortillas.com\/es\/product\/tortillas-de-maiz-nixtamalizado\/","og_site_name":"La Providencia","article_modified_time":"2026-02-18T00:32:30+00:00","og_image":[{"width":1020,"height":1300,"url":"https:\/\/laprovidenciatortillas.com\/wp-content\/uploads\/2025\/11\/prod-white-corn-12-front-updated.png","type":"image\/png"}],"twitter_card":"summary_large_image","twitter_misc":{"Tiempo de lectura":"1 minuto"},"schema":{"@context":"https:\/\/schema.org","@graph":[{"@type":"WebPage","@id":"https:\/\/laprovidenciatortillas.com\/es\/product\/tortillas-de-maiz-nixtamalizado\/","url":"https:\/\/laprovidenciatortillas.com\/es\/product\/tortillas-de-maiz-nixtamalizado\/","name":"Tortillas de Ma\u00edz Nixtamalizado - La Providencia","isPartOf":{"@id":"https:\/\/www.laprovidenciatortillas.com\/#website"},"primaryImageOfPage":{"@id":"https:\/\/laprovidenciatortillas.com\/es\/product\/tortillas-de-maiz-nixtamalizado\/#primaryimage"},"image":{"@id":"https:\/\/laprovidenciatortillas.com\/es\/product\/tortillas-de-maiz-nixtamalizado\/#primaryimage"},"thumbnailUrl":"\/wp-content\/uploads\/2025\/11\/prod-white-corn-12-front-updated.png","datePublished":"2026-01-15T16:23:41+00:00","dateModified":"2026-02-18T00:32:30+00:00","breadcrumb":{"@id":"https:\/\/laprovidenciatortillas.com\/es\/product\/tortillas-de-maiz-nixtamalizado\/#breadcrumb"},"inLanguage":"es","potentialAction":[{"@type":"ReadAction","target":["https:\/\/laprovidenciatortillas.com\/es\/product\/tortillas-de-maiz-nixtamalizado\/"]}]},{"@type":"ImageObject","inLanguage":"es","@id":"https:\/\/laprovidenciatortillas.com\/es\/product\/tortillas-de-maiz-nixtamalizado\/#primaryimage","url":"\/wp-content\/uploads\/2025\/11\/prod-white-corn-12-front-updated.png","contentUrl":"\/wp-content\/uploads\/2025\/11\/prod-white-corn-12-front-updated.png","width":1020,"height":1300},{"@type":"BreadcrumbList","@id":"https:\/\/laprovidenciatortillas.com\/es\/product\/tortillas-de-maiz-nixtamalizado\/#breadcrumb","itemListElement":[{"@type":"ListItem","position":1,"name":"Home","item":"https:\/\/www.laprovidenciatortillas.com\/es\/"},{"@type":"ListItem","position":2,"name":"Tortillas de Ma\u00edz Nixtamalizado"}]},{"@type":"WebSite","@id":"https:\/\/www.laprovidenciatortillas.com\/#website","url":"https:\/\/www.laprovidenciatortillas.com\/","name":"La Providencia","description":"\u00a1Como las de mi tierra!","publisher":{"@id":"https:\/\/www.laprovidenciatortillas.com\/#organization"},"potentialAction":[{"@type":"SearchAction","target":{"@type":"EntryPoint","urlTemplate":"https:\/\/www.laprovidenciatortillas.com\/?s={search_term_string}"},"query-input":{"@type":"PropertyValueSpecification","valueRequired":true,"valueName":"search_term_string"}}],"inLanguage":"es"},{"@type":"Organization","@id":"https:\/\/www.laprovidenciatortillas.com\/#organization","name":"La Providencia","url":"https:\/\/www.laprovidenciatortillas.com\/","logo":{"@type":"ImageObject","inLanguage":"es","@id":"https:\/\/www.laprovidenciatortillas.com\/#\/schema\/logo\/image\/","url":"\/wp-content\/uploads\/2025\/10\/la_providencia_logo_tagline.png","contentUrl":"\/wp-content\/uploads\/2025\/10\/la_providencia_logo_tagline.png","width":750,"height":330,"caption":"La Providencia"},"image":{"@id":"https:\/\/www.laprovidenciatortillas.com\/#\/schema\/logo\/image\/"}}]}},"_links":{"self":[{"href":"https:\/\/laprovidenciatortillas.com\/es\/wp-json\/wp\/v2\/product\/455","targetHints":{"allow":["GET"]}}],"collection":[{"href":"https:\/\/laprovidenciatortillas.com\/es\/wp-json\/wp\/v2\/product"}],"about":[{"href":"https:\/\/laprovidenciatortillas.com\/es\/wp-json\/wp\/v2\/types\/product"}],"wp:featuredmedia":[{"embeddable":true,"href":"https:\/\/laprovidenciatortillas.com\/es\/wp-json\/wp\/v2\/media\/410"}],"wp:attachment":[{"href":"https:\/\/laprovidenciatortillas.com\/es\/wp-json\/wp\/v2\/media?parent=455"}],"wp:term":[{"taxonomy":"product-category","embeddable":true,"href":"https:\/\/laprovidenciatortillas.com\/es\/wp-json\/wp\/v2\/product-category?post=455"}],"curies":[{"name":"wp","href":"https:\/\/api.w.org\/{rel}","templated":true}]}}