{"id":265,"date":"2024-07-30T20:38:51","date_gmt":"2024-07-30T20:38:51","guid":{"rendered":"http:\/\/stg-augustineagency-augustinestg.kinsta.cloud\/homepage\/"},"modified":"2026-01-14T22:34:19","modified_gmt":"2026-01-14T22:34:19","slug":"homepage","status":"publish","type":"page","link":"https:\/\/laprovidenciatortillas.com\/es\/","title":{"rendered":"Homepage"},"content":{"rendered":"<p>En La Providencia preparamos los cl\u00e1sicos de casa con ingredientes sencillos, de alta calidad y mucho cari\u00f1o. Cada bocado ofrece ese sabor familiar y la frescura de recetas reci\u00e9n hechas, lo que convierte cualquier comida del d\u00eda en un momento para disfrutar.<\/p>\n","protected":false},"excerpt":{"rendered":"<p>En La Providencia preparamos los cl\u00e1sicos de casa con ingredientes sencillos, de alta calidad y mucho cari\u00f1o. Cada bocado ofrece ese sabor familiar y la frescura de recetas reci\u00e9n hechas, lo que convierte cualquier comida del d\u00eda en un momento para disfrutar. [&#8230;]<\/p>\n<p><a class=\"btn btn-secondary understrap-read-more-link\" href=\"https:\/\/laprovidenciatortillas.com\/es\/\">Leer m\u00e1s&#8230;<span class=\"screen-reader-text\"> from Homepage<\/span><\/a><\/p>\n","protected":false},"author":3,"featured_media":253,"parent":0,"menu_order":0,"comment_status":"closed","ping_status":"closed","template":"","meta":{"_acf_changed":false,"footnotes":""},"class_list":["post-265","page","type-page","status-publish","has-post-thumbnail","hentry"],"acf":[],"yoast_head":"<!-- This site is optimized with the Yoast SEO plugin v27.0 - https:\/\/yoast.com\/product\/yoast-seo-wordpress\/ -->\n<title>Homepage - La Providencia<\/title>\n<meta name=\"description\" content=\"En La Providencia preparamos los cl\u00e1sicos de casa con ingredientes sencillos, de alta calidad y mucho cari\u00f1o. Cada bocado ofrece ese sabor familiar y la frescura de recetas reci\u00e9n hechas, lo que convierte cualquier comida del d\u00eda en un momento para disfrutar.\" \/>\n<meta name=\"robots\" content=\"index, follow, max-snippet:-1, max-image-preview:large, max-video-preview:-1\" \/>\n<link rel=\"canonical\" href=\"https:\/\/www.laprovidenciatortillas.com\/es\/\" \/>\n<meta property=\"og:locale\" content=\"es_ES\" \/>\n<meta property=\"og:type\" content=\"article\" \/>\n<meta property=\"og:title\" content=\"la Providencia\" \/>\n<meta property=\"og:description\" content=\"En La Providencia preparamos los cl\u00e1sicos de casa con ingredientes sencillos, de alta calidad y mucho cari\u00f1o. Cada bocado ofrece ese sabor familiar y la frescura de recetas reci\u00e9n hechas, lo que convierte cualquier comida del d\u00eda en un momento para disfrutar.\" \/>\n<meta property=\"og:url\" content=\"https:\/\/www.laprovidenciatortillas.com\/es\/\" \/>\n<meta property=\"og:site_name\" content=\"La Providencia\" \/>\n<meta property=\"article:modified_time\" content=\"2026-01-14T22:34:19+00:00\" \/>\n<meta property=\"og:image\" content=\"https:\/\/laprovidenciatortillas.com\/wp-content\/uploads\/2025\/10\/la_providencia_logo_tagline.png\" \/>\n\t<meta property=\"og:image:width\" content=\"750\" \/>\n\t<meta property=\"og:image:height\" content=\"330\" \/>\n\t<meta property=\"og:image:type\" content=\"image\/png\" \/>\n<meta name=\"twitter:card\" content=\"summary_large_image\" \/>\n<meta name=\"twitter:label1\" content=\"Tiempo de lectura\" \/>\n\t<meta name=\"twitter:data1\" content=\"1 minuto\" \/>\n<script type=\"application\/ld+json\" class=\"yoast-schema-graph\">{\"@context\":\"https:\/\/schema.org\",\"@graph\":[{\"@type\":\"WebPage\",\"@id\":\"https:\/\/www.laprovidenciatortillas.com\/es\/\",\"url\":\"https:\/\/www.laprovidenciatortillas.com\/es\/\",\"name\":\"Homepage - La Providencia\",\"isPartOf\":{\"@id\":\"https:\/\/www.laprovidenciatortillas.com\/#website\"},\"primaryImageOfPage\":{\"@id\":\"https:\/\/www.laprovidenciatortillas.com\/es\/#primaryimage\"},\"image\":{\"@id\":\"https:\/\/www.laprovidenciatortillas.com\/es\/#primaryimage\"},\"thumbnailUrl\":\"\/wp-content\/uploads\/2025\/10\/hero-scaled.jpg\",\"datePublished\":\"2024-07-30T20:38:51+00:00\",\"dateModified\":\"2026-01-14T22:34:19+00:00\",\"description\":\"En La Providencia preparamos los cl\u00e1sicos de casa con ingredientes sencillos, de alta calidad y mucho cari\u00f1o. Cada bocado ofrece ese sabor familiar y la frescura de recetas reci\u00e9n hechas, lo que convierte cualquier comida del d\u00eda en un momento para disfrutar.\",\"breadcrumb\":{\"@id\":\"https:\/\/www.laprovidenciatortillas.com\/es\/#breadcrumb\"},\"inLanguage\":\"es\",\"potentialAction\":[{\"@type\":\"ReadAction\",\"target\":[\"https:\/\/www.laprovidenciatortillas.com\/es\/\"]}]},{\"@type\":\"ImageObject\",\"inLanguage\":\"es\",\"@id\":\"https:\/\/www.laprovidenciatortillas.com\/es\/#primaryimage\",\"url\":\"\/wp-content\/uploads\/2025\/10\/hero-scaled.jpg\",\"contentUrl\":\"\/wp-content\/uploads\/2025\/10\/hero-scaled.jpg\",\"width\":2560,\"height\":851},{\"@type\":\"BreadcrumbList\",\"@id\":\"https:\/\/www.laprovidenciatortillas.com\/es\/#breadcrumb\",\"itemListElement\":[{\"@type\":\"ListItem\",\"position\":1,\"name\":\"Home\",\"item\":\"https:\/\/www.laprovidenciatortillas.com\/es\/\"},{\"@type\":\"ListItem\",\"position\":2,\"name\":\"Homepage\"}]},{\"@type\":\"WebSite\",\"@id\":\"https:\/\/www.laprovidenciatortillas.com\/#website\",\"url\":\"https:\/\/www.laprovidenciatortillas.com\/\",\"name\":\"La Providencia\",\"description\":\"\u00a1Como las de mi tierra!\",\"publisher\":{\"@id\":\"https:\/\/www.laprovidenciatortillas.com\/#organization\"},\"potentialAction\":[{\"@type\":\"SearchAction\",\"target\":{\"@type\":\"EntryPoint\",\"urlTemplate\":\"https:\/\/www.laprovidenciatortillas.com\/?s={search_term_string}\"},\"query-input\":{\"@type\":\"PropertyValueSpecification\",\"valueRequired\":true,\"valueName\":\"search_term_string\"}}],\"inLanguage\":\"es\"},{\"@type\":\"Organization\",\"@id\":\"https:\/\/www.laprovidenciatortillas.com\/#organization\",\"name\":\"La Providencia\",\"url\":\"https:\/\/www.laprovidenciatortillas.com\/\",\"logo\":{\"@type\":\"ImageObject\",\"inLanguage\":\"es\",\"@id\":\"https:\/\/www.laprovidenciatortillas.com\/#\/schema\/logo\/image\/\",\"url\":\"\/wp-content\/uploads\/2025\/10\/la_providencia_logo_tagline.png\",\"contentUrl\":\"\/wp-content\/uploads\/2025\/10\/la_providencia_logo_tagline.png\",\"width\":750,\"height\":330,\"caption\":\"La Providencia\"},\"image\":{\"@id\":\"https:\/\/www.laprovidenciatortillas.com\/#\/schema\/logo\/image\/\"}}]}<\/script>\n<!-- \/ Yoast SEO plugin. -->","yoast_head_json":{"title":"Homepage - La Providencia","description":"En La Providencia preparamos los cl\u00e1sicos de casa con ingredientes sencillos, de alta calidad y mucho cari\u00f1o. Cada bocado ofrece ese sabor familiar y la frescura de recetas reci\u00e9n hechas, lo que convierte cualquier comida del d\u00eda en un momento para disfrutar.","robots":{"index":"index","follow":"follow","max-snippet":"max-snippet:-1","max-image-preview":"max-image-preview:large","max-video-preview":"max-video-preview:-1"},"canonical":"https:\/\/www.laprovidenciatortillas.com\/es\/","og_locale":"es_ES","og_type":"article","og_title":"la Providencia","og_description":"En La Providencia preparamos los cl\u00e1sicos de casa con ingredientes sencillos, de alta calidad y mucho cari\u00f1o. Cada bocado ofrece ese sabor familiar y la frescura de recetas reci\u00e9n hechas, lo que convierte cualquier comida del d\u00eda en un momento para disfrutar.","og_url":"https:\/\/www.laprovidenciatortillas.com\/es\/","og_site_name":"La Providencia","article_modified_time":"2026-01-14T22:34:19+00:00","og_image":[{"width":750,"height":330,"url":"https:\/\/laprovidenciatortillas.com\/wp-content\/uploads\/2025\/10\/la_providencia_logo_tagline.png","type":"image\/png"}],"twitter_card":"summary_large_image","twitter_misc":{"Tiempo de lectura":"1 minuto"},"schema":{"@context":"https:\/\/schema.org","@graph":[{"@type":"WebPage","@id":"https:\/\/www.laprovidenciatortillas.com\/es\/","url":"https:\/\/www.laprovidenciatortillas.com\/es\/","name":"Homepage - La Providencia","isPartOf":{"@id":"https:\/\/www.laprovidenciatortillas.com\/#website"},"primaryImageOfPage":{"@id":"https:\/\/www.laprovidenciatortillas.com\/es\/#primaryimage"},"image":{"@id":"https:\/\/www.laprovidenciatortillas.com\/es\/#primaryimage"},"thumbnailUrl":"\/wp-content\/uploads\/2025\/10\/hero-scaled.jpg","datePublished":"2024-07-30T20:38:51+00:00","dateModified":"2026-01-14T22:34:19+00:00","description":"En La Providencia preparamos los cl\u00e1sicos de casa con ingredientes sencillos, de alta calidad y mucho cari\u00f1o. Cada bocado ofrece ese sabor familiar y la frescura de recetas reci\u00e9n hechas, lo que convierte cualquier comida del d\u00eda en un momento para disfrutar.","breadcrumb":{"@id":"https:\/\/www.laprovidenciatortillas.com\/es\/#breadcrumb"},"inLanguage":"es","potentialAction":[{"@type":"ReadAction","target":["https:\/\/www.laprovidenciatortillas.com\/es\/"]}]},{"@type":"ImageObject","inLanguage":"es","@id":"https:\/\/www.laprovidenciatortillas.com\/es\/#primaryimage","url":"\/wp-content\/uploads\/2025\/10\/hero-scaled.jpg","contentUrl":"\/wp-content\/uploads\/2025\/10\/hero-scaled.jpg","width":2560,"height":851},{"@type":"BreadcrumbList","@id":"https:\/\/www.laprovidenciatortillas.com\/es\/#breadcrumb","itemListElement":[{"@type":"ListItem","position":1,"name":"Home","item":"https:\/\/www.laprovidenciatortillas.com\/es\/"},{"@type":"ListItem","position":2,"name":"Homepage"}]},{"@type":"WebSite","@id":"https:\/\/www.laprovidenciatortillas.com\/#website","url":"https:\/\/www.laprovidenciatortillas.com\/","name":"La Providencia","description":"\u00a1Como las de mi tierra!","publisher":{"@id":"https:\/\/www.laprovidenciatortillas.com\/#organization"},"potentialAction":[{"@type":"SearchAction","target":{"@type":"EntryPoint","urlTemplate":"https:\/\/www.laprovidenciatortillas.com\/?s={search_term_string}"},"query-input":{"@type":"PropertyValueSpecification","valueRequired":true,"valueName":"search_term_string"}}],"inLanguage":"es"},{"@type":"Organization","@id":"https:\/\/www.laprovidenciatortillas.com\/#organization","name":"La Providencia","url":"https:\/\/www.laprovidenciatortillas.com\/","logo":{"@type":"ImageObject","inLanguage":"es","@id":"https:\/\/www.laprovidenciatortillas.com\/#\/schema\/logo\/image\/","url":"\/wp-content\/uploads\/2025\/10\/la_providencia_logo_tagline.png","contentUrl":"\/wp-content\/uploads\/2025\/10\/la_providencia_logo_tagline.png","width":750,"height":330,"caption":"La Providencia"},"image":{"@id":"https:\/\/www.laprovidenciatortillas.com\/#\/schema\/logo\/image\/"}}]}},"_links":{"self":[{"href":"https:\/\/laprovidenciatortillas.com\/es\/wp-json\/wp\/v2\/pages\/265","targetHints":{"allow":["GET"]}}],"collection":[{"href":"https:\/\/laprovidenciatortillas.com\/es\/wp-json\/wp\/v2\/pages"}],"about":[{"href":"https:\/\/laprovidenciatortillas.com\/es\/wp-json\/wp\/v2\/types\/page"}],"author":[{"embeddable":true,"href":"https:\/\/laprovidenciatortillas.com\/es\/wp-json\/wp\/v2\/users\/3"}],"replies":[{"embeddable":true,"href":"https:\/\/laprovidenciatortillas.com\/es\/wp-json\/wp\/v2\/comments?post=265"}],"version-history":[{"count":4,"href":"https:\/\/laprovidenciatortillas.com\/es\/wp-json\/wp\/v2\/pages\/265\/revisions"}],"predecessor-version":[{"id":424,"href":"https:\/\/laprovidenciatortillas.com\/es\/wp-json\/wp\/v2\/pages\/265\/revisions\/424"}],"wp:featuredmedia":[{"embeddable":true,"href":"https:\/\/laprovidenciatortillas.com\/es\/wp-json\/wp\/v2\/media\/253"}],"wp:attachment":[{"href":"https:\/\/laprovidenciatortillas.com\/es\/wp-json\/wp\/v2\/media?parent=265"}],"curies":[{"name":"wp","href":"https:\/\/api.w.org\/{rel}","templated":true}]}}